{"id":2,"date":"2017-09-27T17:42:17","date_gmt":"2017-09-27T17:42:17","guid":{"rendered":"http:\/\/astkimya.com\/?page_id=2"},"modified":"2017-10-05T21:13:55","modified_gmt":"2017-10-05T21:13:55","slug":"sample-page","status":"publish","type":"page","link":"https:\/\/astkimya.com\/?page_id=2","title":{"rendered":"\u0130leti\u015fim"},"content":{"rendered":"<div><img decoding=\"async\" loading=\"lazy\" class=\"alignnone wp-image-157\" src=\"http:\/\/astkimya.com\/wp-content\/uploads\/2017\/09\/ast-kimya-logo-300x289.png\" alt=\"\" width=\"118\" height=\"113\" srcset=\"https:\/\/astkimya.com\/wp-content\/uploads\/2017\/09\/ast-kimya-logo-300x289.png 300w, https:\/\/astkimya.com\/wp-content\/uploads\/2017\/09\/ast-kimya-logo.png 600w\" sizes=\"(max-width: 118px) 100vw, 118px\" \/><\/div>\n<div><span style=\"color: #0000ff;\">\u00a0<\/span><\/div>\n<div><span style=\"color: #0000ff;\"><strong>AST K\u0130MYA \u0130\u00c7 VE DI\u015e T\u0130C.LTD.\u015eT\u0130.<\/strong><\/span><\/div>\n<div><\/div>\n<div><strong>MERKEZ :<\/strong> ABDURRAHMANGAZ\u0130 MAH.BELED\u0130YE CAD.DA\u011eISTAN SK<\/div>\n<div>KINALI \u0130\u015e MERKEZ\u0130.NO:14\/22 SULTANBEYL\u0130\/\u0130STANBUL<\/div>\n<div><strong>\u00a0<\/strong><\/div>\n<div><strong>DEPO :<\/strong> BATTALGAZ\u0130 MAH.C\u0130BAL\u0130 SOKAK.SULTAN SANAY\u0130 S\u0130TES\u0130.<\/div>\n<div>C BLOK.NO:1 SULTANBEYL\u0130\/\u0130STANBUL<\/div>\n<div><\/div>\n<div><\/div>\n<div><strong>TEL\u00a0<\/strong> : 0216 611 10 60<\/div>\n<div><strong>TEL\u00a0<\/strong> : 0216 496 10 95<\/div>\n<div><strong>FAX\u00a0<\/strong> : 0216 496 10 96<\/div>\n<p>&nbsp;<\/p>\n<p><strong>Merkez :<\/strong><\/p>\n<p><iframe loading=\"lazy\" style=\"border: 0px none;\" src=\"https:\/\/www.google.com\/maps\/embed?pb=!1m18!1m12!1m3!1d753.1321058284497!2d29.259246029203275!3d40.96990851131321!2m3!1f0!2f0!3f0!3m2!1i1024!2i768!4f13.1!3m3!1m2!1s0x14cad06bcaf15d47%3A0xcd761c66e97cdacf!2sAbdurrahmangazi+Mahallesi%2C+Da%C4%9F%C4%B1stan+Sk.+No%3A14%2C+34920+Sultanbeyli%2F%C4%B0stanbul!5e0!3m2!1str!2str!4v1507237510254\" width=\"350\" height=\"300\" frameborder=\"0\" allowfullscreen=\"allowfullscreen\"><\/iframe><\/p>\n<p>&nbsp;<\/p>\n<p><strong>Depo :<\/strong><\/p>\n<p>&nbsp;<\/p>\n<p><iframe loading=\"lazy\" style=\"border: 0px none;\" src=\"https:\/\/www.google.com\/maps\/embed?pb=!1m18!1m12!1m3!1d3011.929423896325!2d29.268839614921298!3d40.983026228928146!2m3!1f0!2f0!3f0!3m2!1i1024!2i768!4f13.1!3m3!1m2!1s0x14cad051619dbf45%3A0xbb43a29729445aa4!2sBattalgazi+Mahallesi%2C+Cibali+Sk.+No%3A1%2C+34935+Sultanbeyli%2F%C4%B0stanbul!5e0!3m2!1str!2str!4v1507237853428\" width=\"350\" height=\"300\" frameborder=\"0\" allowfullscreen=\"allowfullscreen\"><\/iframe><\/p>\n<p>&nbsp;<\/p>\n<p><strong>\u0130rtibat \u0130\u00e7in Bize Yazabiilirsiniz :<\/strong><\/p>\n<p>[contact-form-7 id=&#8221;146&#8243; title=&#8221;\u0130leti\u015fim formu 1&#8243;]<\/p>\n<p>&nbsp;<\/p>\n","protected":false},"excerpt":{"rendered":"<p>\u00a0 AST K\u0130MYA \u0130\u00c7 VE DI\u015e T\u0130C.LTD.\u015eT\u0130. MERKEZ : ABDURRAHMANGAZ\u0130 MAH.BELED\u0130YE CAD.DA\u011eISTAN SK KINALI \u0130\u015e MERKEZ\u0130.NO:14\/22 SULTANBEYL\u0130\/\u0130STANBUL \u00a0 DEPO : BATTALGAZ\u0130 MAH.C\u0130BAL\u0130 SOKAK.SULTAN SANAY\u0130 S\u0130TES\u0130. C BLOK.NO:1 SULTANBEYL\u0130\/\u0130STANBUL TEL\u00a0 : 0216 611 10 60 TEL\u00a0 : 0216 496 10 95 FAX\u00a0 : 0216 496 10 96 &nbsp; Merkez : &nbsp; Depo : &nbsp; &nbsp; \u0130rtibat [&hellip;]<\/p>\n","protected":false},"author":1,"featured_media":0,"parent":0,"menu_order":0,"comment_status":"closed","ping_status":"closed","template":"","meta":[],"_links":{"self":[{"href":"https:\/\/astkimya.com\/index.php?rest_route=\/wp\/v2\/pages\/2"}],"collection":[{"href":"https:\/\/astkimya.com\/index.php?rest_route=\/wp\/v2\/pages"}],"about":[{"href":"https:\/\/astkimya.com\/index.php?rest_route=\/wp\/v2\/types\/page"}],"author":[{"embeddable":true,"href":"https:\/\/astkimya.com\/index.php?rest_route=\/wp\/v2\/users\/1"}],"replies":[{"embeddable":true,"href":"https:\/\/astkimya.com\/index.php?rest_route=%2Fwp%2Fv2%2Fcomments&post=2"}],"version-history":[{"count":12,"href":"https:\/\/astkimya.com\/index.php?rest_route=\/wp\/v2\/pages\/2\/revisions"}],"predecessor-version":[{"id":210,"href":"https:\/\/astkimya.com\/index.php?rest_route=\/wp\/v2\/pages\/2\/revisions\/210"}],"wp:attachment":[{"href":"https:\/\/astkimya.com\/index.php?rest_route=%2Fwp%2Fv2%2Fmedia&parent=2"}],"curies":[{"name":"wp","href":"https:\/\/api.w.org\/{rel}","templated":true}]}}